{"id":227,"date":"2018-10-06T08:36:23","date_gmt":"2018-10-06T06:36:23","guid":{"rendered":"https:\/\/xn--sop-loungebar-ygb.com\/index.php\/home\/"},"modified":"2024-03-22T10:05:30","modified_gmt":"2024-03-22T09:05:30","slug":"home","status":"publish","type":"page","link":"https:\/\/xn--sop-loungebar-ygb.com\/","title":{"rendered":"HOME"},"content":{"rendered":"\t\t<div data-elementor-type=\"wp-post\" data-elementor-id=\"227\" class=\"elementor elementor-227\">\n\t\t\t\t\t\t\t\t\t<section class=\"elementor-section elementor-top-section elementor-element elementor-element-3be0e27 elementor-section-height-full aux-appear-watch-animation aux-fade-in elementor-section-boxed elementor-section-height-default elementor-section-items-middle\" data-id=\"3be0e27\" data-element_type=\"section\" data-settings=\"{&quot;background_background&quot;:&quot;classic&quot;}\">\n\t\t\t\t\t\t\t<div class=\"elementor-background-overlay\"><\/div>\n\t\t\t\t\t\t\t<div class=\"elementor-container elementor-column-gap-no\">\n\t\t\t\t\t<div class=\"aux-parallax-section elementor-column elementor-col-100 elementor-top-column elementor-element elementor-element-b451e1c\" data-id=\"b451e1c\" data-element_type=\"column\" data-settings=\"{&quot;background_background&quot;:&quot;classic&quot;}\">\n\t\t\t<div class=\"elementor-widget-wrap elementor-element-populated\">\n\t\t\t\t\t\t\t\t<div class=\"elementor-element elementor-element-d31db63 aux-appear-watch-animation aux-scale-down elementor-widget elementor-widget-aux_modern_heading\" data-id=\"d31db63\" data-element_type=\"widget\" data-widget_type=\"aux_modern_heading.default\">\n\t\t\t\t<div class=\"elementor-widget-container\">\n\t\t\t<section class=\"aux-widget-modern-heading\">\n            <div class=\"aux-widget-inner\"><h2 class=\"aux-modern-heading-primary\">Benvenuti da Sop\u00e8 <\/h2><div class=\"aux-modern-heading-description\"><p>Un rifugio di eleganza e gusto, dove colazioni raffinate e drink esclusivi si fondono in un'esperienza indimenticabile nel cuore di Laives<\/p><\/div><\/div>\n        <\/section>\t\t<\/div>\n\t\t\t\t<\/div>\n\t\t\t\t<div class=\"elementor-element elementor-element-b0bf914 elementor-align-center animated-slow elementor-invisible elementor-widget elementor-widget-button\" data-id=\"b0bf914\" data-element_type=\"widget\" data-settings=\"{&quot;_animation&quot;:&quot;fadeIn&quot;}\" data-widget_type=\"button.default\">\n\t\t\t\t<div class=\"elementor-widget-container\">\n\t\t\t\t\t<div class=\"elementor-button-wrapper\">\n\t\t\t<a class=\"elementor-button elementor-button-link elementor-size-sm\" href=\"https:\/\/xn--sop-loungebar-ygb.com\/index.php\/menu\/\">\n\t\t\t\t\t\t<span class=\"elementor-button-content-wrapper\">\n\t\t\t\t\t\t<span class=\"elementor-button-text\">Scopri i nostri men\u00f9<\/span>\n\t\t<\/span>\n\t\t\t\t\t<\/a>\n\t\t<\/div>\n\t\t\t\t<\/div>\n\t\t\t\t<\/div>\n\t\t\t\t\t<\/div>\n\t\t<\/div>\n\t\t\t\t\t\t\t<\/div>\n\t\t<\/section>\n\t\t\t\t<section class=\"elementor-section elementor-top-section elementor-element elementor-element-9434747 elementor-section-boxed elementor-section-height-default elementor-section-height-default\" data-id=\"9434747\" data-element_type=\"section\" data-settings=\"{&quot;background_background&quot;:&quot;classic&quot;}\">\n\t\t\t\t\t\t\t<div class=\"elementor-background-overlay\"><\/div>\n\t\t\t\t\t\t\t<div class=\"elementor-container elementor-column-gap-default\">\n\t\t\t\t\t<div class=\"aux-parallax-section elementor-column elementor-col-50 elementor-top-column elementor-element elementor-element-ab2a865\" data-id=\"ab2a865\" data-element_type=\"column\">\n\t\t\t<div class=\"elementor-widget-wrap elementor-element-populated\">\n\t\t\t\t\t\t\t\t<div class=\"elementor-element elementor-element-adb195b elementor-widget elementor-widget-image\" data-id=\"adb195b\" data-element_type=\"widget\" data-widget_type=\"image.default\">\n\t\t\t\t<div class=\"elementor-widget-container\">\n\t\t\t\t\t\t\t\t\t\t\t\t\t\t\t<img fetchpriority=\"high\" decoding=\"async\" width=\"1365\" height=\"2048\" src=\"https:\/\/xn--sop-loungebar-ygb.com\/wp-content\/uploads\/2023\/12\/DSF1386-1-1365x2048.jpg\" class=\"attachment-2048x2048 size-2048x2048 wp-image-262\" alt=\"\" srcset=\"https:\/\/xn--sop-loungebar-ygb.com\/wp-content\/uploads\/2023\/12\/DSF1386-1-1365x2048.jpg 1365w, https:\/\/xn--sop-loungebar-ygb.com\/wp-content\/uploads\/2023\/12\/DSF1386-1-1024x1536.jpg 1024w, https:\/\/xn--sop-loungebar-ygb.com\/wp-content\/uploads\/2023\/12\/DSF1386-1-200x300.jpg 200w, https:\/\/xn--sop-loungebar-ygb.com\/wp-content\/uploads\/2023\/12\/DSF1386-1-scaled.jpg 1707w\" sizes=\"(max-width: 1365px) 100vw, 1365px\" \/>\t\t\t\t\t\t\t\t\t\t\t\t\t\t\t<\/div>\n\t\t\t\t<\/div>\n\t\t\t\t<div class=\"elementor-element elementor-element-75e9933 elementor-align-center elementor-widget elementor-widget-button\" data-id=\"75e9933\" data-element_type=\"widget\" data-widget_type=\"button.default\">\n\t\t\t\t<div class=\"elementor-widget-container\">\n\t\t\t\t\t<div class=\"elementor-button-wrapper\">\n\t\t\t<a class=\"elementor-button elementor-button-link elementor-size-sm\" href=\"https:\/\/xn--sop-loungebar-ygb.com\/wp-content\/uploads\/2024\/03\/cucinasito.pdf\">\n\t\t\t\t\t\t<span class=\"elementor-button-content-wrapper\">\n\t\t\t\t\t\t<span class=\"elementor-button-text\">Apri il men\u00f9<\/span>\n\t\t<\/span>\n\t\t\t\t\t<\/a>\n\t\t<\/div>\n\t\t\t\t<\/div>\n\t\t\t\t<\/div>\n\t\t\t\t<div class=\"elementor-element elementor-element-79f76bf elementor-widget elementor-widget-heading\" data-id=\"79f76bf\" data-element_type=\"widget\" data-widget_type=\"heading.default\">\n\t\t\t\t<div class=\"elementor-widget-container\">\n\t\t\t<h2 class=\"elementor-heading-title elementor-size-default\">Caffetteria e Cucina<\/h2>\t\t<\/div>\n\t\t\t\t<\/div>\n\t\t\t\t\t<\/div>\n\t\t<\/div>\n\t\t\t\t<div class=\"aux-parallax-section elementor-column elementor-col-50 elementor-top-column elementor-element elementor-element-32ae495\" data-id=\"32ae495\" data-element_type=\"column\">\n\t\t\t<div class=\"elementor-widget-wrap elementor-element-populated\">\n\t\t\t\t\t\t\t\t<div class=\"elementor-element elementor-element-f71cc86 elementor-widget elementor-widget-image\" data-id=\"f71cc86\" data-element_type=\"widget\" data-widget_type=\"image.default\">\n\t\t\t\t<div class=\"elementor-widget-container\">\n\t\t\t\t\t\t\t\t\t\t\t\t\t\t\t<img decoding=\"async\" width=\"1365\" height=\"2048\" src=\"https:\/\/xn--sop-loungebar-ygb.com\/wp-content\/uploads\/2023\/12\/DSF1453-1-1365x2048.jpg\" class=\"attachment-2048x2048 size-2048x2048 wp-image-266\" alt=\"\" srcset=\"https:\/\/xn--sop-loungebar-ygb.com\/wp-content\/uploads\/2023\/12\/DSF1453-1-1365x2048.jpg 1365w, https:\/\/xn--sop-loungebar-ygb.com\/wp-content\/uploads\/2023\/12\/DSF1453-1-1024x1536.jpg 1024w, https:\/\/xn--sop-loungebar-ygb.com\/wp-content\/uploads\/2023\/12\/DSF1453-1-200x300.jpg 200w, https:\/\/xn--sop-loungebar-ygb.com\/wp-content\/uploads\/2023\/12\/DSF1453-1-scaled.jpg 1707w\" sizes=\"(max-width: 1365px) 100vw, 1365px\" \/>\t\t\t\t\t\t\t\t\t\t\t\t\t\t\t<\/div>\n\t\t\t\t<\/div>\n\t\t\t\t<div class=\"elementor-element elementor-element-d25ff83 elementor-align-center elementor-widget elementor-widget-button\" data-id=\"d25ff83\" data-element_type=\"widget\" data-widget_type=\"button.default\">\n\t\t\t\t<div class=\"elementor-widget-container\">\n\t\t\t\t\t<div class=\"elementor-button-wrapper\">\n\t\t\t<a class=\"elementor-button elementor-button-link elementor-size-sm\" href=\"https:\/\/xn--sop-loungebar-ygb.com\/wp-content\/uploads\/2024\/03\/drinksito.pdf\">\n\t\t\t\t\t\t<span class=\"elementor-button-content-wrapper\">\n\t\t\t\t\t\t<span class=\"elementor-button-text\">Apri il men\u00f9<\/span>\n\t\t<\/span>\n\t\t\t\t\t<\/a>\n\t\t<\/div>\n\t\t\t\t<\/div>\n\t\t\t\t<\/div>\n\t\t\t\t<div class=\"elementor-element elementor-element-c08f830 elementor-widget elementor-widget-heading\" data-id=\"c08f830\" data-element_type=\"widget\" data-widget_type=\"heading.default\">\n\t\t\t\t<div class=\"elementor-widget-container\">\n\t\t\t<h2 class=\"elementor-heading-title elementor-size-default\">Drink List &amp;<br>Gin Selection<\/h2>\t\t<\/div>\n\t\t\t\t<\/div>\n\t\t\t\t\t<\/div>\n\t\t<\/div>\n\t\t\t\t\t\t\t<\/div>\n\t\t<\/section>\n\t\t\t\t<section class=\"elementor-section elementor-top-section elementor-element elementor-element-37aa818 elementor-section-boxed elementor-section-height-default elementor-section-height-default\" data-id=\"37aa818\" data-element_type=\"section\" data-settings=\"{&quot;background_background&quot;:&quot;classic&quot;}\">\n\t\t\t\t\t\t\t<div class=\"elementor-background-overlay\"><\/div>\n\t\t\t\t\t\t\t<div class=\"elementor-container elementor-column-gap-default\">\n\t\t\t\t\t<div class=\"aux-parallax-section elementor-column elementor-col-50 elementor-top-column elementor-element elementor-element-9248df0\" data-id=\"9248df0\" data-element_type=\"column\">\n\t\t\t<div class=\"elementor-widget-wrap elementor-element-populated\">\n\t\t\t\t\t\t\t\t<div class=\"elementor-element elementor-element-2c4f171 elementor-widget elementor-widget-image\" data-id=\"2c4f171\" data-element_type=\"widget\" data-widget_type=\"image.default\">\n\t\t\t\t<div class=\"elementor-widget-container\">\n\t\t\t\t\t\t\t\t\t\t\t\t\t\t\t<img decoding=\"async\" width=\"1365\" height=\"2048\" src=\"https:\/\/xn--sop-loungebar-ygb.com\/wp-content\/uploads\/2023\/12\/DSF1570-1-1365x2048.jpg\" class=\"attachment-2048x2048 size-2048x2048 wp-image-263\" alt=\"\" srcset=\"https:\/\/xn--sop-loungebar-ygb.com\/wp-content\/uploads\/2023\/12\/DSF1570-1-1365x2048.jpg 1365w, https:\/\/xn--sop-loungebar-ygb.com\/wp-content\/uploads\/2023\/12\/DSF1570-1-1024x1536.jpg 1024w, https:\/\/xn--sop-loungebar-ygb.com\/wp-content\/uploads\/2023\/12\/DSF1570-1-200x300.jpg 200w, https:\/\/xn--sop-loungebar-ygb.com\/wp-content\/uploads\/2023\/12\/DSF1570-1-scaled.jpg 1707w\" sizes=\"(max-width: 1365px) 100vw, 1365px\" \/>\t\t\t\t\t\t\t\t\t\t\t\t\t\t\t<\/div>\n\t\t\t\t<\/div>\n\t\t\t\t<div class=\"elementor-element elementor-element-b69d8ae elementor-widget elementor-widget-heading\" data-id=\"b69d8ae\" data-element_type=\"widget\" data-widget_type=\"heading.default\">\n\t\t\t\t<div class=\"elementor-widget-container\">\n\t\t\t<h2 class=\"elementor-heading-title elementor-size-default\">Beer &amp; Wine<\/h2>\t\t<\/div>\n\t\t\t\t<\/div>\n\t\t\t\t<div class=\"elementor-element elementor-element-b648ba1 elementor-align-center elementor-widget elementor-widget-button\" data-id=\"b648ba1\" data-element_type=\"widget\" data-widget_type=\"button.default\">\n\t\t\t\t<div class=\"elementor-widget-container\">\n\t\t\t\t\t<div class=\"elementor-button-wrapper\">\n\t\t\t<a class=\"elementor-button elementor-button-link elementor-size-sm\" href=\"https:\/\/xn--sop-loungebar-ygb.com\/wp-content\/uploads\/2024\/03\/spiritsito.pdf\">\n\t\t\t\t\t\t<span class=\"elementor-button-content-wrapper\">\n\t\t\t\t\t\t<span class=\"elementor-button-text\">Apri il men\u00f9<\/span>\n\t\t<\/span>\n\t\t\t\t\t<\/a>\n\t\t<\/div>\n\t\t\t\t<\/div>\n\t\t\t\t<\/div>\n\t\t\t\t\t<\/div>\n\t\t<\/div>\n\t\t\t\t<div class=\"aux-parallax-section elementor-column elementor-col-50 elementor-top-column elementor-element elementor-element-bd83ca4\" data-id=\"bd83ca4\" data-element_type=\"column\">\n\t\t\t<div class=\"elementor-widget-wrap elementor-element-populated\">\n\t\t\t\t\t\t\t\t<div class=\"elementor-element elementor-element-7aa82ee elementor-widget elementor-widget-image\" data-id=\"7aa82ee\" data-element_type=\"widget\" data-widget_type=\"image.default\">\n\t\t\t\t<div class=\"elementor-widget-container\">\n\t\t\t\t\t\t\t\t\t\t\t\t\t\t\t<img decoding=\"async\" src=\"https:\/\/xn--sop-loungebar-ygb.com\/wp-content\/uploads\/2023\/12\/DSF1445-1-scaled.jpg\" title=\"_DSF1445\" alt=\"_DSF1445\" loading=\"lazy\" \/>\t\t\t\t\t\t\t\t\t\t\t\t\t\t\t<\/div>\n\t\t\t\t<\/div>\n\t\t\t\t<div class=\"elementor-element elementor-element-95b14ca elementor-widget elementor-widget-heading\" data-id=\"95b14ca\" data-element_type=\"widget\" data-widget_type=\"heading.default\">\n\t\t\t\t<div class=\"elementor-widget-container\">\n\t\t\t<h2 class=\"elementor-heading-title elementor-size-default\">Spirits<\/h2>\t\t<\/div>\n\t\t\t\t<\/div>\n\t\t\t\t<div class=\"elementor-element elementor-element-e4297a4 elementor-align-center elementor-widget elementor-widget-button\" data-id=\"e4297a4\" data-element_type=\"widget\" data-widget_type=\"button.default\">\n\t\t\t\t<div class=\"elementor-widget-container\">\n\t\t\t\t\t<div class=\"elementor-button-wrapper\">\n\t\t\t<a class=\"elementor-button elementor-button-link elementor-size-sm\" href=\"https:\/\/xn--sop-loungebar-ygb.com\/wp-content\/uploads\/2024\/02\/spirit.pdf\">\n\t\t\t\t\t\t<span class=\"elementor-button-content-wrapper\">\n\t\t\t\t\t\t<span class=\"elementor-button-text\">Apri il men\u00f9<\/span>\n\t\t<\/span>\n\t\t\t\t\t<\/a>\n\t\t<\/div>\n\t\t\t\t<\/div>\n\t\t\t\t<\/div>\n\t\t\t\t\t<\/div>\n\t\t<\/div>\n\t\t\t\t\t\t\t<\/div>\n\t\t<\/section>\n\t\t\t\t<section class=\"elementor-section elementor-top-section elementor-element elementor-element-64788d2 elementor-section-height-min-height elementor-reverse-tablet elementor-reverse-mobile elementor-section-boxed elementor-section-height-default elementor-section-items-middle\" data-id=\"64788d2\" data-element_type=\"section\" data-settings=\"{&quot;background_background&quot;:&quot;classic&quot;}\">\n\t\t\t\t\t\t<div class=\"elementor-container elementor-column-gap-no\">\n\t\t\t\t\t<div class=\"aux-parallax-section elementor-column elementor-col-50 elementor-top-column elementor-element elementor-element-c3dea9a\" data-id=\"c3dea9a\" data-element_type=\"column\">\n\t\t\t<div class=\"elementor-widget-wrap elementor-element-populated\">\n\t\t\t\t\t\t\t\t<div class=\"elementor-element elementor-element-4796ec9 aux-appear-watch-animation aux-fade-in-up elementor-widget elementor-widget-aux_modern_heading\" data-id=\"4796ec9\" data-element_type=\"widget\" data-widget_type=\"aux_modern_heading.default\">\n\t\t\t\t<div class=\"elementor-widget-container\">\n\t\t\t<section class=\"aux-widget-modern-heading\">\n            <div class=\"aux-widget-inner\"><h2 class=\"aux-modern-heading-primary\">La nostra storia\n<\/h2><div class=\"aux-modern-heading-description\"><p>La nostra storia ha inizio nel cuore di questo paese nel lontano 1964, quando il nostro bar ha aperto per la prima volta. Fin dall'inizio, siamo rimasti fedeli alla tradizione e alla gestione familiare, diventando nel tempo un punto di ritrovo per la comunit\u00e0. Dopo anni di dedizione familiare , abbiamo rinnovato la nostra attivit\u00e0 nel 2023, mantenendo la calda atmosfera che ha\u00a0 contraddistinto il bar negli anni precedenti. Il nostro bar ha visto passare personaggi di importanza, diventando un luogo simbolico di scambi sociali.<\/p><p>La qualit\u00e0 \u00e8 sempre stata la nostra priorit\u00e0, e oggi, con una nuova gestione, portiamo un tocco innovativo e fresco, mantenendo saldi i valori che ci rendono unici. Vi invitiamo a far parte della nostra storia e a condividere con noi questa nuova fase, lasciandovi avvolgere dalla calorosa atmosfera del nostro amato bar.<\/p><\/div><\/div>\n        <\/section>\t\t<\/div>\n\t\t\t\t<\/div>\n\t\t\t\t\t<\/div>\n\t\t<\/div>\n\t\t\t\t<div class=\"aux-parallax-section elementor-column elementor-col-50 elementor-top-column elementor-element elementor-element-f85f422\" data-id=\"f85f422\" data-element_type=\"column\">\n\t\t\t<div class=\"elementor-widget-wrap elementor-element-populated\">\n\t\t\t\t\t\t\t\t<div class=\"elementor-element elementor-element-be3716a aux-appear-watch-animation aux-fade-in-up-2 elementor-absolute elementor-widget elementor-widget-image\" data-id=\"be3716a\" data-element_type=\"widget\" data-settings=\"{&quot;_position&quot;:&quot;absolute&quot;}\" data-widget_type=\"image.default\">\n\t\t\t\t<div class=\"elementor-widget-container\">\n\t\t\t\t\t\t\t\t\t\t\t\t\t\t\t<img decoding=\"async\" src=\"https:\/\/xn--sop-loungebar-ygb.com\/wp-content\/uploads\/elementor\/thumbs\/Sope-1088-1-scaled-qhjdmzpmprk4m98ik1w2mgs1k1rimgomuwlsh27wos.jpg\" title=\"Sope-1088\" alt=\"Sope-1088\" loading=\"lazy\" \/>\t\t\t\t\t\t\t\t\t\t\t\t\t\t\t<\/div>\n\t\t\t\t<\/div>\n\t\t\t\t<div class=\"elementor-element elementor-element-8b73d2d aux-appear-watch-animation aux-fade-in-up-1 elementor-absolute elementor-widget elementor-widget-image\" data-id=\"8b73d2d\" data-element_type=\"widget\" data-settings=\"{&quot;_position&quot;:&quot;absolute&quot;}\" data-widget_type=\"image.default\">\n\t\t\t\t<div class=\"elementor-widget-container\">\n\t\t\t\t\t\t\t\t\t\t\t\t\t\t\t<img decoding=\"async\" src=\"https:\/\/xn--sop-loungebar-ygb.com\/wp-content\/uploads\/elementor\/thumbs\/Sope-1045-scaled-qhjdme3c8moidh3k1pqze6bwumipqs2wpvj65t6wjo.jpg\" title=\"Sope-1045\" alt=\"Sope-1045\" loading=\"lazy\" \/>\t\t\t\t\t\t\t\t\t\t\t\t\t\t\t<\/div>\n\t\t\t\t<\/div>\n\t\t\t\t\t<\/div>\n\t\t<\/div>\n\t\t\t\t\t\t\t<\/div>\n\t\t<\/section>\n\t\t\t\t\t\t\t<\/div>\n\t\t","protected":false},"excerpt":{"rendered":"<p>Benvenuti da Sop\u00e8 Un rifugio di eleganza e gusto, dove colazioni raffinate e drink esclusivi si fondono in un&#8217;esperienza indimenticabile nel cuore di Laives Scopri i nostri men\u00f9 Apri il men\u00f9 Caffetteria e Cucina Apri il men\u00f9 Drink List &amp;Gin Selection Beer &amp; Wine Apri il men\u00f9 Spirits Apri il men\u00f9 La nostra storia La [&hellip;]<\/p>\n","protected":false},"author":1,"featured_media":0,"parent":0,"menu_order":0,"comment_status":"closed","ping_status":"closed","template":"templates\/page-builder-content.php","meta":{"footnotes":""},"_links":{"self":[{"href":"https:\/\/xn--sop-loungebar-ygb.com\/index.php\/wp-json\/wp\/v2\/pages\/227"}],"collection":[{"href":"https:\/\/xn--sop-loungebar-ygb.com\/index.php\/wp-json\/wp\/v2\/pages"}],"about":[{"href":"https:\/\/xn--sop-loungebar-ygb.com\/index.php\/wp-json\/wp\/v2\/types\/page"}],"author":[{"embeddable":true,"href":"https:\/\/xn--sop-loungebar-ygb.com\/index.php\/wp-json\/wp\/v2\/users\/1"}],"replies":[{"embeddable":true,"href":"https:\/\/xn--sop-loungebar-ygb.com\/index.php\/wp-json\/wp\/v2\/comments?post=227"}],"version-history":[{"count":105,"href":"https:\/\/xn--sop-loungebar-ygb.com\/index.php\/wp-json\/wp\/v2\/pages\/227\/revisions"}],"predecessor-version":[{"id":610,"href":"https:\/\/xn--sop-loungebar-ygb.com\/index.php\/wp-json\/wp\/v2\/pages\/227\/revisions\/610"}],"wp:attachment":[{"href":"https:\/\/xn--sop-loungebar-ygb.com\/index.php\/wp-json\/wp\/v2\/media?parent=227"}],"curies":[{"name":"wp","href":"https:\/\/api.w.org\/{rel}","templated":true}]}}