{"id":225,"date":"2018-10-15T08:22:04","date_gmt":"2018-10-15T06:22:04","guid":{"rendered":"https:\/\/xn--sop-loungebar-ygb.com\/index.php\/menu\/"},"modified":"2024-03-22T10:05:26","modified_gmt":"2024-03-22T09:05:26","slug":"menu","status":"publish","type":"page","link":"https:\/\/xn--sop-loungebar-ygb.com\/index.php\/menu\/","title":{"rendered":"MENU"},"content":{"rendered":"\t\t<div data-elementor-type=\"wp-post\" data-elementor-id=\"225\" class=\"elementor elementor-225\">\n\t\t\t\t\t\t\t\t\t<section class=\"elementor-section elementor-top-section elementor-element elementor-element-f79d30e elementor-section-boxed elementor-section-height-default elementor-section-height-default\" data-id=\"f79d30e\" data-element_type=\"section\" data-settings=\"{&quot;background_background&quot;:&quot;classic&quot;}\">\n\t\t\t\t\t\t<div class=\"elementor-container elementor-column-gap-no\">\n\t\t\t\t\t<div class=\"aux-parallax-section elementor-column elementor-col-100 elementor-top-column elementor-element elementor-element-e478944\" data-id=\"e478944\" data-element_type=\"column\">\n\t\t\t<div class=\"elementor-widget-wrap elementor-element-populated\">\n\t\t\t\t\t\t\t\t<div class=\"elementor-element elementor-element-b533766 elementor-widget elementor-widget-heading\" data-id=\"b533766\" data-element_type=\"widget\" data-widget_type=\"heading.default\">\n\t\t\t\t<div class=\"elementor-widget-container\">\n\t\t\t<h2 class=\"elementor-heading-title elementor-size-default\">I nostri men\u00f9<\/h2>\t\t<\/div>\n\t\t\t\t<\/div>\n\t\t\t\t\t<\/div>\n\t\t<\/div>\n\t\t\t\t\t\t\t<\/div>\n\t\t<\/section>\n\t\t\t\t<section class=\"elementor-section elementor-top-section elementor-element elementor-element-624231b elementor-section-boxed elementor-section-height-default elementor-section-height-default\" data-id=\"624231b\" data-element_type=\"section\" data-settings=\"{&quot;background_background&quot;:&quot;classic&quot;,&quot;animation&quot;:&quot;none&quot;}\">\n\t\t\t\t\t\t\t<div class=\"elementor-background-overlay\"><\/div>\n\t\t\t\t\t\t\t<div class=\"elementor-container elementor-column-gap-default\">\n\t\t\t\t\t<div class=\"aux-parallax-section elementor-column elementor-col-50 elementor-top-column elementor-element elementor-element-4bf7fd2\" data-id=\"4bf7fd2\" data-element_type=\"column\">\n\t\t\t<div class=\"elementor-widget-wrap elementor-element-populated\">\n\t\t\t\t\t\t\t\t<div class=\"elementor-element elementor-element-a7a9511 elementor-widget elementor-widget-image\" data-id=\"a7a9511\" data-element_type=\"widget\" data-settings=\"{&quot;_animation&quot;:&quot;none&quot;}\" data-widget_type=\"image.default\">\n\t\t\t\t<div class=\"elementor-widget-container\">\n\t\t\t\t\t\t\t\t\t\t\t\t\t\t\t<img fetchpriority=\"high\" decoding=\"async\" width=\"1365\" height=\"2048\" src=\"https:\/\/xn--sop-loungebar-ygb.com\/wp-content\/uploads\/2023\/12\/DSF1386-1-1365x2048.jpg\" class=\"attachment-2048x2048 size-2048x2048 wp-image-262\" alt=\"\" srcset=\"https:\/\/xn--sop-loungebar-ygb.com\/wp-content\/uploads\/2023\/12\/DSF1386-1-1365x2048.jpg 1365w, https:\/\/xn--sop-loungebar-ygb.com\/wp-content\/uploads\/2023\/12\/DSF1386-1-1024x1536.jpg 1024w, https:\/\/xn--sop-loungebar-ygb.com\/wp-content\/uploads\/2023\/12\/DSF1386-1-200x300.jpg 200w, https:\/\/xn--sop-loungebar-ygb.com\/wp-content\/uploads\/2023\/12\/DSF1386-1-scaled.jpg 1707w\" sizes=\"(max-width: 1365px) 100vw, 1365px\" \/>\t\t\t\t\t\t\t\t\t\t\t\t\t\t\t<\/div>\n\t\t\t\t<\/div>\n\t\t\t\t<div class=\"elementor-element elementor-element-6281e51 elementor-align-center elementor-widget elementor-widget-button\" data-id=\"6281e51\" data-element_type=\"widget\" data-settings=\"{&quot;_animation&quot;:&quot;none&quot;}\" data-widget_type=\"button.default\">\n\t\t\t\t<div class=\"elementor-widget-container\">\n\t\t\t\t\t<div class=\"elementor-button-wrapper\">\n\t\t\t<a class=\"elementor-button elementor-button-link elementor-size-sm\" href=\"https:\/\/xn--sop-loungebar-ygb.com\/wp-content\/uploads\/2024\/03\/cucinasito.pdf\">\n\t\t\t\t\t\t<span class=\"elementor-button-content-wrapper\">\n\t\t\t\t\t\t<span class=\"elementor-button-text\">Apri il men\u00f9<\/span>\n\t\t<\/span>\n\t\t\t\t\t<\/a>\n\t\t<\/div>\n\t\t\t\t<\/div>\n\t\t\t\t<\/div>\n\t\t\t\t<div class=\"elementor-element elementor-element-4a28bf1 elementor-widget elementor-widget-heading\" data-id=\"4a28bf1\" data-element_type=\"widget\" data-settings=\"{&quot;_animation&quot;:&quot;none&quot;}\" data-widget_type=\"heading.default\">\n\t\t\t\t<div class=\"elementor-widget-container\">\n\t\t\t<h2 class=\"elementor-heading-title elementor-size-default\">Caffetteria e Cucina<\/h2>\t\t<\/div>\n\t\t\t\t<\/div>\n\t\t\t\t\t<\/div>\n\t\t<\/div>\n\t\t\t\t<div class=\"aux-parallax-section elementor-column elementor-col-50 elementor-top-column elementor-element elementor-element-15955e7\" data-id=\"15955e7\" data-element_type=\"column\">\n\t\t\t<div class=\"elementor-widget-wrap elementor-element-populated\">\n\t\t\t\t\t\t\t\t<div class=\"elementor-element elementor-element-ceebf32 elementor-widget elementor-widget-image\" data-id=\"ceebf32\" data-element_type=\"widget\" data-settings=\"{&quot;_animation&quot;:&quot;none&quot;}\" data-widget_type=\"image.default\">\n\t\t\t\t<div class=\"elementor-widget-container\">\n\t\t\t\t\t\t\t\t\t\t\t\t\t\t\t<img decoding=\"async\" width=\"1365\" height=\"2048\" src=\"https:\/\/xn--sop-loungebar-ygb.com\/wp-content\/uploads\/2023\/12\/DSF1453-1-1365x2048.jpg\" class=\"attachment-2048x2048 size-2048x2048 wp-image-266\" alt=\"\" srcset=\"https:\/\/xn--sop-loungebar-ygb.com\/wp-content\/uploads\/2023\/12\/DSF1453-1-1365x2048.jpg 1365w, https:\/\/xn--sop-loungebar-ygb.com\/wp-content\/uploads\/2023\/12\/DSF1453-1-1024x1536.jpg 1024w, https:\/\/xn--sop-loungebar-ygb.com\/wp-content\/uploads\/2023\/12\/DSF1453-1-200x300.jpg 200w, https:\/\/xn--sop-loungebar-ygb.com\/wp-content\/uploads\/2023\/12\/DSF1453-1-scaled.jpg 1707w\" sizes=\"(max-width: 1365px) 100vw, 1365px\" \/>\t\t\t\t\t\t\t\t\t\t\t\t\t\t\t<\/div>\n\t\t\t\t<\/div>\n\t\t\t\t<div class=\"elementor-element elementor-element-d3d4661 elementor-widget elementor-widget-heading\" data-id=\"d3d4661\" data-element_type=\"widget\" data-settings=\"{&quot;_animation&quot;:&quot;none&quot;}\" data-widget_type=\"heading.default\">\n\t\t\t\t<div class=\"elementor-widget-container\">\n\t\t\t<h2 class=\"elementor-heading-title elementor-size-default\">Drink List &amp; <br>Gin Selection<\/h2>\t\t<\/div>\n\t\t\t\t<\/div>\n\t\t\t\t<div class=\"elementor-element elementor-element-2fd0d1f elementor-align-center elementor-widget elementor-widget-button\" data-id=\"2fd0d1f\" data-element_type=\"widget\" data-settings=\"{&quot;_animation&quot;:&quot;none&quot;}\" data-widget_type=\"button.default\">\n\t\t\t\t<div class=\"elementor-widget-container\">\n\t\t\t\t\t<div class=\"elementor-button-wrapper\">\n\t\t\t<a class=\"elementor-button elementor-button-link elementor-size-sm\" href=\"https:\/\/xn--sop-loungebar-ygb.com\/wp-content\/uploads\/2024\/03\/drinksito.pdf\">\n\t\t\t\t\t\t<span class=\"elementor-button-content-wrapper\">\n\t\t\t\t\t\t<span class=\"elementor-button-text\">Apri il men\u00f9<\/span>\n\t\t<\/span>\n\t\t\t\t\t<\/a>\n\t\t<\/div>\n\t\t\t\t<\/div>\n\t\t\t\t<\/div>\n\t\t\t\t\t<\/div>\n\t\t<\/div>\n\t\t\t\t\t\t\t<\/div>\n\t\t<\/section>\n\t\t\t\t<section class=\"elementor-section elementor-top-section elementor-element elementor-element-07d01de elementor-section-boxed elementor-section-height-default elementor-section-height-default\" data-id=\"07d01de\" data-element_type=\"section\" data-settings=\"{&quot;background_background&quot;:&quot;classic&quot;}\">\n\t\t\t\t\t\t\t<div class=\"elementor-background-overlay\"><\/div>\n\t\t\t\t\t\t\t<div class=\"elementor-container elementor-column-gap-default\">\n\t\t\t\t\t<div class=\"aux-parallax-section elementor-column elementor-col-50 elementor-top-column elementor-element elementor-element-7fe4dd4\" data-id=\"7fe4dd4\" data-element_type=\"column\">\n\t\t\t<div class=\"elementor-widget-wrap elementor-element-populated\">\n\t\t\t\t\t\t\t\t<div class=\"elementor-element elementor-element-0778d6f elementor-widget elementor-widget-image\" data-id=\"0778d6f\" data-element_type=\"widget\" data-widget_type=\"image.default\">\n\t\t\t\t<div class=\"elementor-widget-container\">\n\t\t\t\t\t\t\t\t\t\t\t\t\t\t\t<img decoding=\"async\" width=\"1365\" height=\"2048\" src=\"https:\/\/xn--sop-loungebar-ygb.com\/wp-content\/uploads\/2023\/12\/DSF1570-1-1365x2048.jpg\" class=\"attachment-2048x2048 size-2048x2048 wp-image-263\" alt=\"\" srcset=\"https:\/\/xn--sop-loungebar-ygb.com\/wp-content\/uploads\/2023\/12\/DSF1570-1-1365x2048.jpg 1365w, https:\/\/xn--sop-loungebar-ygb.com\/wp-content\/uploads\/2023\/12\/DSF1570-1-1024x1536.jpg 1024w, https:\/\/xn--sop-loungebar-ygb.com\/wp-content\/uploads\/2023\/12\/DSF1570-1-200x300.jpg 200w, https:\/\/xn--sop-loungebar-ygb.com\/wp-content\/uploads\/2023\/12\/DSF1570-1-scaled.jpg 1707w\" sizes=\"(max-width: 1365px) 100vw, 1365px\" \/>\t\t\t\t\t\t\t\t\t\t\t\t\t\t\t<\/div>\n\t\t\t\t<\/div>\n\t\t\t\t<div class=\"elementor-element elementor-element-b3bee19 elementor-widget elementor-widget-heading\" data-id=\"b3bee19\" data-element_type=\"widget\" data-widget_type=\"heading.default\">\n\t\t\t\t<div class=\"elementor-widget-container\">\n\t\t\t<h2 class=\"elementor-heading-title elementor-size-default\">Beer &amp; Wine<\/h2>\t\t<\/div>\n\t\t\t\t<\/div>\n\t\t\t\t<div class=\"elementor-element elementor-element-c76204e elementor-align-center elementor-widget elementor-widget-button\" data-id=\"c76204e\" data-element_type=\"widget\" data-widget_type=\"button.default\">\n\t\t\t\t<div class=\"elementor-widget-container\">\n\t\t\t\t\t<div class=\"elementor-button-wrapper\">\n\t\t\t<a class=\"elementor-button elementor-button-link elementor-size-sm\" href=\"https:\/\/xn--sop-loungebar-ygb.com\/wp-content\/uploads\/2024\/03\/winesito.pdf\">\n\t\t\t\t\t\t<span class=\"elementor-button-content-wrapper\">\n\t\t\t\t\t\t<span class=\"elementor-button-text\">Apri il men\u00f9<\/span>\n\t\t<\/span>\n\t\t\t\t\t<\/a>\n\t\t<\/div>\n\t\t\t\t<\/div>\n\t\t\t\t<\/div>\n\t\t\t\t\t<\/div>\n\t\t<\/div>\n\t\t\t\t<div class=\"aux-parallax-section elementor-column elementor-col-50 elementor-top-column elementor-element elementor-element-aefdebb\" data-id=\"aefdebb\" data-element_type=\"column\">\n\t\t\t<div class=\"elementor-widget-wrap elementor-element-populated\">\n\t\t\t\t\t\t\t\t<div class=\"elementor-element elementor-element-4f2e964 elementor-widget elementor-widget-image\" data-id=\"4f2e964\" data-element_type=\"widget\" data-widget_type=\"image.default\">\n\t\t\t\t<div class=\"elementor-widget-container\">\n\t\t\t\t\t\t\t\t\t\t\t\t\t\t\t<img decoding=\"async\" src=\"https:\/\/xn--sop-loungebar-ygb.com\/wp-content\/uploads\/2023\/12\/DSF1445-1-scaled.jpg\" title=\"_DSF1445\" alt=\"_DSF1445\" loading=\"lazy\" \/>\t\t\t\t\t\t\t\t\t\t\t\t\t\t\t<\/div>\n\t\t\t\t<\/div>\n\t\t\t\t<div class=\"elementor-element elementor-element-d968667 elementor-widget elementor-widget-heading\" data-id=\"d968667\" data-element_type=\"widget\" data-widget_type=\"heading.default\">\n\t\t\t\t<div class=\"elementor-widget-container\">\n\t\t\t<h2 class=\"elementor-heading-title elementor-size-default\">Spirits<\/h2>\t\t<\/div>\n\t\t\t\t<\/div>\n\t\t\t\t<div class=\"elementor-element elementor-element-03b0db2 elementor-align-center elementor-widget elementor-widget-button\" data-id=\"03b0db2\" data-element_type=\"widget\" data-widget_type=\"button.default\">\n\t\t\t\t<div class=\"elementor-widget-container\">\n\t\t\t\t\t<div class=\"elementor-button-wrapper\">\n\t\t\t<a class=\"elementor-button elementor-button-link elementor-size-sm\" href=\"https:\/\/xn--sop-loungebar-ygb.com\/wp-content\/uploads\/2024\/03\/spiritsito.pdf\">\n\t\t\t\t\t\t<span class=\"elementor-button-content-wrapper\">\n\t\t\t\t\t\t<span class=\"elementor-button-text\">Apri il men\u00f9<\/span>\n\t\t<\/span>\n\t\t\t\t\t<\/a>\n\t\t<\/div>\n\t\t\t\t<\/div>\n\t\t\t\t<\/div>\n\t\t\t\t\t<\/div>\n\t\t<\/div>\n\t\t\t\t\t\t\t<\/div>\n\t\t<\/section>\n\t\t\t\t\t\t\t<\/div>\n\t\t","protected":false},"excerpt":{"rendered":"<p>I nostri men\u00f9 Apri il men\u00f9 Caffetteria e Cucina Drink List &amp; Gin Selection Apri il men\u00f9 Beer &amp; Wine Apri il men\u00f9 Spirits Apri il men\u00f9<\/p>\n","protected":false},"author":1,"featured_media":0,"parent":0,"menu_order":0,"comment_status":"closed","ping_status":"closed","template":"templates\/page-builder-content.php","meta":{"footnotes":""},"_links":{"self":[{"href":"https:\/\/xn--sop-loungebar-ygb.com\/index.php\/wp-json\/wp\/v2\/pages\/225"}],"collection":[{"href":"https:\/\/xn--sop-loungebar-ygb.com\/index.php\/wp-json\/wp\/v2\/pages"}],"about":[{"href":"https:\/\/xn--sop-loungebar-ygb.com\/index.php\/wp-json\/wp\/v2\/types\/page"}],"author":[{"embeddable":true,"href":"https:\/\/xn--sop-loungebar-ygb.com\/index.php\/wp-json\/wp\/v2\/users\/1"}],"replies":[{"embeddable":true,"href":"https:\/\/xn--sop-loungebar-ygb.com\/index.php\/wp-json\/wp\/v2\/comments?post=225"}],"version-history":[{"count":63,"href":"https:\/\/xn--sop-loungebar-ygb.com\/index.php\/wp-json\/wp\/v2\/pages\/225\/revisions"}],"predecessor-version":[{"id":607,"href":"https:\/\/xn--sop-loungebar-ygb.com\/index.php\/wp-json\/wp\/v2\/pages\/225\/revisions\/607"}],"wp:attachment":[{"href":"https:\/\/xn--sop-loungebar-ygb.com\/index.php\/wp-json\/wp\/v2\/media?parent=225"}],"curies":[{"name":"wp","href":"https:\/\/api.w.org\/{rel}","templated":true}]}}